{"id":13,"date":"2025-08-20T07:59:00","date_gmt":"2025-08-20T07:59:00","guid":{"rendered":"https:\/\/eilatfashion.com\/?page_id=13"},"modified":"2025-09-25T03:02:18","modified_gmt":"2025-09-25T03:02:18","slug":"um","status":"publish","type":"page","link":"https:\/\/eilatfashion.com\/de\/um\/","title":{"rendered":"\u00dcber uns"},"content":{"rendered":"<div data-elementor-type=\"wp-page\" data-elementor-id=\"13\" class=\"elementor elementor-13\" data-elementor-post-type=\"page\">\n\t\t\t\t<div class=\"elementor-element elementor-element-dfbb49b e-flex e-con-boxed e-con e-parent\" data-id=\"dfbb49b\" data-element_type=\"container\">\n\t\t\t\t\t<div class=\"e-con-inner\">\n\t\t<div class=\"elementor-element elementor-element-51f4b415 e-con-full e-flex e-con e-child\" data-id=\"51f4b415\" data-element_type=\"container\">\n\t\t\t\t<div class=\"elementor-element elementor-element-63384e56 elementor-widget__width-initial elementor-widget elementor-widget-heading\" data-id=\"63384e56\" data-element_type=\"widget\" data-widget_type=\"heading.default\">\n\t\t\t\t\t<h1 class=\"elementor-heading-title elementor-size-default\">\u00dcber die T-Shirt-Fabrik zum globalen<\/h1>\t\t\t\t<\/div>\n\t\t\t\t<\/div>\n\t\t<div class=\"elementor-element elementor-element-331393ca e-con-full e-flex e-con e-child\" data-id=\"331393ca\" data-element_type=\"container\">\n\t\t<div class=\"elementor-element elementor-element-3b363522 e-con-full e-flex e-con e-child\" data-id=\"3b363522\" data-element_type=\"container\">\n\t\t\t\t<div class=\"elementor-element elementor-element-54455b5e e-transform elementor-hidden-mobile elementor-widget elementor-widget-text-path\" data-id=\"54455b5e\" data-element_type=\"widget\" data-settings=\"{&quot;text&quot;:&quot;Clothing Factory \\u2014  Custom Tees \\u2014&quot;,&quot;align&quot;:&quot;center&quot;,&quot;_transform_scale_effect_hover&quot;:{&quot;unit&quot;:&quot;px&quot;,&quot;size&quot;:1.05,&quot;sizes&quot;:[]},&quot;link&quot;:{&quot;url&quot;:&quot;&quot;,&quot;is_external&quot;:&quot;&quot;,&quot;nofollow&quot;:&quot;&quot;,&quot;custom_attributes&quot;:&quot;&quot;},&quot;start_point&quot;:{&quot;unit&quot;:&quot;%&quot;,&quot;size&quot;:0,&quot;sizes&quot;:[]},&quot;_transform_scale_effect_hover_tablet&quot;:{&quot;unit&quot;:&quot;px&quot;,&quot;size&quot;:&quot;&quot;,&quot;sizes&quot;:[]},&quot;_transform_scale_effect_hover_mobile&quot;:{&quot;unit&quot;:&quot;px&quot;,&quot;size&quot;:&quot;&quot;,&quot;sizes&quot;:[]}}\" data-widget_type=\"text-path.default\">\n\t\t\t\t\t\t\t<div class=\"e-text-path\" data-text=\"Clothing Factory &mdash;  Custom Tees &mdash;\" data-url=\"\/\/eilatfashion.com\/wp-content\/plugins\/elementor\/assets\/svg-paths\/circle.svg\" data-link-url=\"\"><\/div>\n\t\t\t\t\t\t<\/div>\n\t\t\t\t<\/div>\n\t\t<div class=\"elementor-element elementor-element-4513a597 e-con-full e-flex e-con e-child\" data-id=\"4513a597\" data-element_type=\"container\">\n\t\t\t\t<div class=\"elementor-element elementor-element-13761f98 elementor-widget elementor-widget-text-editor\" data-id=\"13761f98\" data-element_type=\"widget\" data-widget_type=\"text-editor.default\">\n\t\t\t\t\t\t\t\t\t<p>Unser Motto lautet: \u201eSachgem\u00e4\u00dfe Verarbeitung, Termintreue und Wirtschaftlichkeit \u2013 denn wahre Qualit\u00e4t ist die Grundlage f\u00fcr Nachhaltigkeit.\u201c<\/p>\t\t\t\t\t\t\t\t<\/div>\n\t\t\t\t<\/div>\n\t\t\t\t<\/div>\n\t\t\t\t\t<\/div>\n\t\t\t\t<\/div>\n\t\t<div class=\"elementor-element elementor-element-8709d0b e-flex e-con-boxed e-con e-parent\" data-id=\"8709d0b\" data-element_type=\"container\">\n\t\t\t\t\t<div class=\"e-con-inner\">\n\t\t\t\t<div class=\"elementor-element elementor-element-153e924 elementor-widget__width-initial elementor-widget elementor-widget-heading\" data-id=\"153e924\" data-element_type=\"widget\" data-widget_type=\"heading.default\">\n\t\t\t\t\t<h2 class=\"elementor-heading-title elementor-size-default\">Erfahren Sie mehr \u00fcber unsere Bekleidungsfabrik<\/h2>\t\t\t\t<\/div>\n\t\t<div class=\"elementor-element elementor-element-918c5dd e-con-full e-flex e-con e-child\" data-id=\"918c5dd\" data-element_type=\"container\">\n\t\t<div class=\"elementor-element elementor-element-22c6286 e-con-full e-flex e-con e-child\" data-id=\"22c6286\" data-element_type=\"container\">\n\t\t\t\t<div class=\"elementor-element elementor-element-d794e4c elementor-widget elementor-widget-image\" data-id=\"d794e4c\" data-element_type=\"widget\" data-widget_type=\"image.default\">\n\t\t\t\t\t\t\t\t\t\t\t\t\t\t\t<img fetchpriority=\"high\" decoding=\"async\" width=\"800\" height=\"600\" src=\"https:\/\/eilatfashion.com\/wp-content\/uploads\/2025\/08\/image-2-1024x768.webp\" class=\"attachment-large size-large wp-image-59\" alt=\"Schneiderei und N\u00e4hen \u2013 Hohe Qualit\u00e4t f\u00fcr Markenbekleidung\" srcset=\"https:\/\/eilatfashion.com\/wp-content\/uploads\/2025\/08\/image-2-1024x768.webp 1024w, https:\/\/eilatfashion.com\/wp-content\/uploads\/2025\/08\/image-2-300x225.webp 300w, https:\/\/eilatfashion.com\/wp-content\/uploads\/2025\/08\/image-2-768x576.webp 768w, https:\/\/eilatfashion.com\/wp-content\/uploads\/2025\/08\/image-2.webp 1280w\" sizes=\"(max-width: 800px) 100vw, 800px\" \/>\t\t\t\t\t\t\t\t\t\t\t\t\t\t\t<\/div>\n\t\t\t\t<\/div>\n\t\t<div class=\"elementor-element elementor-element-f884882 e-con-full e-flex e-con e-child\" data-id=\"f884882\" data-element_type=\"container\">\n\t\t\t\t<div class=\"elementor-element elementor-element-c36d6ae elementor-widget elementor-widget-heading\" data-id=\"c36d6ae\" data-element_type=\"widget\" data-widget_type=\"heading.default\">\n\t\t\t\t\t<h2 class=\"elementor-heading-title elementor-size-default\">So helfen wir Ihrer Marke beim Wachstum<\/h2>\t\t\t\t<\/div>\n\t\t\t\t<div class=\"elementor-element elementor-element-18eb591 elementor-widget elementor-widget-text-editor\" data-id=\"18eb591\" data-element_type=\"widget\" data-widget_type=\"text-editor.default\">\n\t\t\t\t\t\t\t\t\t<p>Wir sind ein Team von Textilexperten, die mit Leidenschaft <a href=\"https:\/\/eilatfashion.com\/our-services\/\">individuelles T-Shirt<\/a>, Modellbauer, Produktionsspezialisten, Qualit\u00e4tskontrolle. Wir legen Wert auf die Verwendung hochwertiger Materialien, die den praktischen Anforderungen entsprechen. Unser Motto lautet \u201eSachgem\u00e4\u00dfe Verarbeitung, P\u00fcnktlichkeit und Kosteneffizienz<\/p>\t\t\t\t\t\t\t\t<\/div>\n\t\t\t\t<div class=\"elementor-element elementor-element-c45f9c7 elementor-widget elementor-widget-text-editor\" data-id=\"c45f9c7\" data-element_type=\"widget\" data-widget_type=\"text-editor.default\">\n\t\t\t\t\t\t\t\t\t<p><a href=\"https:\/\/eilatfactory.com\/\" target=\"_blank\" rel=\"noopener\">Bekleidungsfabrik in Thailand<\/a> Wir bieten Ihnen einen kompletten One-Stop-Service (OEM\/ODM). Wir sind ein Team von Textilexperten, das Designer, Schnittmacher, Produktion, Qualit\u00e4tskontrolle und Logistik an einem Ort vereint. Wir produzieren, branden, verpacken und versenden im Inland und exportieren weltweit \u2013 damit Ihre Marke selbstbewusst starten und wachsen kann.<\/p>\t\t\t\t\t\t\t\t<\/div>\n\t\t\t\t<\/div>\n\t\t\t\t<\/div>\n\t\t\t\t\t<\/div>\n\t\t\t\t<\/div>\n\t\t<div class=\"elementor-element elementor-element-c6be279 e-flex e-con-boxed e-con e-parent\" data-id=\"c6be279\" data-element_type=\"container\">\n\t\t\t\t\t<div class=\"e-con-inner\">\n\t\t<div class=\"elementor-element elementor-element-3f94ccf e-con-full e-flex e-con e-child\" data-id=\"3f94ccf\" data-element_type=\"container\">\n\t\t\t\t<div class=\"elementor-element elementor-element-b475454 elementor-widget__width-initial elementor-widget elementor-widget-counter\" data-id=\"b475454\" data-element_type=\"widget\" data-widget_type=\"counter.default\">\n\t\t\t\t\t\t\t<div class=\"elementor-counter\">\n\t\t\t<div class=\"elementor-counter-title\">Erfahrung<\/div>\t\t\t<div class=\"elementor-counter-number-wrapper\">\n\t\t\t\t<span class=\"elementor-counter-number-prefix\"><\/span>\n\t\t\t\t<span class=\"elementor-counter-number\" data-duration=\"2000\" data-to-value=\"10\" data-from-value=\"0\" data-delimiter=\",\">0<\/span>\n\t\t\t\t<span class=\"elementor-counter-number-suffix\"><\/span>\n\t\t\t<\/div>\n\t\t<\/div>\n\t\t\t\t\t\t<\/div>\n\t\t\t\t<div class=\"elementor-element elementor-element-ea70db2 elementor-widget__width-initial elementor-widget elementor-widget-counter\" data-id=\"ea70db2\" data-element_type=\"widget\" data-widget_type=\"counter.default\">\n\t\t\t\t\t\t\t<div class=\"elementor-counter\">\n\t\t\t<div class=\"elementor-counter-title\">Produkte<\/div>\t\t\t<div class=\"elementor-counter-number-wrapper\">\n\t\t\t\t<span class=\"elementor-counter-number-prefix\"><\/span>\n\t\t\t\t<span class=\"elementor-counter-number\" data-duration=\"2000\" data-to-value=\"28716\" data-from-value=\"0\" data-delimiter=\",\">0<\/span>\n\t\t\t\t<span class=\"elementor-counter-number-suffix\"><\/span>\n\t\t\t<\/div>\n\t\t<\/div>\n\t\t\t\t\t\t<\/div>\n\t\t\t\t<div class=\"elementor-element elementor-element-ce367f4 elementor-widget__width-initial elementor-widget elementor-widget-counter\" data-id=\"ce367f4\" data-element_type=\"widget\" data-widget_type=\"counter.default\">\n\t\t\t\t\t\t\t<div class=\"elementor-counter\">\n\t\t\t<div class=\"elementor-counter-title\">Kunde<\/div>\t\t\t<div class=\"elementor-counter-number-wrapper\">\n\t\t\t\t<span class=\"elementor-counter-number-prefix\"><\/span>\n\t\t\t\t<span class=\"elementor-counter-number\" data-duration=\"2000\" data-to-value=\"53\" data-from-value=\"0\" data-delimiter=\",\">0<\/span>\n\t\t\t\t<span class=\"elementor-counter-number-suffix\"><\/span>\n\t\t\t<\/div>\n\t\t<\/div>\n\t\t\t\t\t\t<\/div>\n\t\t\t\t<div class=\"elementor-element elementor-element-b83b50e elementor-widget__width-initial elementor-widget elementor-widget-counter\" data-id=\"b83b50e\" data-element_type=\"widget\" data-widget_type=\"counter.default\">\n\t\t\t\t\t\t\t<div class=\"elementor-counter\">\n\t\t\t<div class=\"elementor-counter-title\">Versand<\/div>\t\t\t<div class=\"elementor-counter-number-wrapper\">\n\t\t\t\t<span class=\"elementor-counter-number-prefix\"><\/span>\n\t\t\t\t<span class=\"elementor-counter-number\" data-duration=\"2000\" data-to-value=\"14\" data-from-value=\"0\" data-delimiter=\",\">0<\/span>\n\t\t\t\t<span class=\"elementor-counter-number-suffix\"><\/span>\n\t\t\t<\/div>\n\t\t<\/div>\n\t\t\t\t\t\t<\/div>\n\t\t\t\t<\/div>\n\t\t<div class=\"elementor-element elementor-element-caad3c4 e-con-full e-flex e-con e-child\" data-id=\"caad3c4\" data-element_type=\"container\">\n\t\t\t\t<div class=\"elementor-element elementor-element-ec3e2de elementor-widget elementor-widget-text-editor\" data-id=\"ec3e2de\" data-element_type=\"widget\" data-widget_type=\"text-editor.default\">\n\t\t\t\t\t\t\t\t\t<p>B\u00fcro: 02 476 4816<br \/>Privat: 081 513 1993<br \/>eilatthaipic@gmail.com<\/p><p><em>Offizieller Standort<\/em><br \/>852.854 Soi Thet Thai 33, Unterbezirk Dao Khanong, Bezirk Thon Buri, Bangkok 10600<br \/>Montag bis Freitag: 9 bis 18 Uhr<\/p><p><em>Shop-Shop<\/em><br \/>696 Soi Thetthai 33, Unterbezirk Dao Khanong, Bezirk Thonburi, Bangkok 10600<br \/>Montag bis Freitag: 9 bis 18 Uhr<\/p>\t\t\t\t\t\t\t\t<\/div>\n\t\t\t\t<\/div>\n\t\t\t\t\t<\/div>\n\t\t\t\t<\/div>\n\t\t<div class=\"elementor-element elementor-element-b98c91d e-flex e-con-boxed e-con e-parent\" data-id=\"b98c91d\" data-element_type=\"container\">\n\t\t\t\t\t<div class=\"e-con-inner\">\n\t\t\t\t<div class=\"elementor-element elementor-element-3883e4d elementor-widget elementor-widget-google_maps\" data-id=\"3883e4d\" data-element_type=\"widget\" data-widget_type=\"google_maps.default\">\n\t\t\t\t\t\t\t<div class=\"elementor-custom-embed\">\n\t\t\t<iframe loading=\"lazy\"\n\t\t\t\t\tsrc=\"https:\/\/maps.google.com\/maps?q=Kwang%20Down%20ka%20nong%2C%20852%2C%20854%20%E0%B8%8B%E0%B8%AD%E0%B8%A2%20%E0%B9%80%E0%B8%97%E0%B8%AD%E0%B8%94%E0%B9%84%E0%B8%97%2033%20%E0%B9%80%E0%B8%82%E0%B8%95%E0%B8%98%E0%B8%99%E0%B8%9A%E0%B8%B8%E0%B8%A3%E0%B8%B5%20%E0%B8%81%E0%B8%A3%E0%B8%B8%E0%B8%87%E0%B9%80%E0%B8%97%E0%B8%9E%E0%B8%A1%E0%B8%AB%E0%B8%B2%E0%B8%99%E0%B8%84%E0%B8%A3%2010600&#038;t=m&#038;z=14&#038;output=embed&#038;iwloc=near\"\n\t\t\t\t\ttitle=\"Kwang Down ka nong, 852, 854 \u0e0b\u0e2d\u0e22 \u0e40\u0e17\u0e2d\u0e14\u0e44\u0e17 33 Stunden lang 10600\"\n\t\t\t\t\taria-label=\"Kwang Down ka nong, 852, 854 \u0e0b\u0e2d\u0e22 \u0e40\u0e17\u0e2d\u0e14\u0e44\u0e17 33 Stunden lang 10600\"\n\t\t\t><\/iframe>\n\t\t<\/div>\n\t\t\t\t\t\t<\/div>\n\t\t\t\t\t<\/div>\n\t\t\t\t<\/div>\n\t\t\t\t<\/div>","protected":false},"excerpt":{"rendered":"<p>\u00dcber die T-Shirt-Fabrik f\u00fcr die Welt Unser Motto lautet \u201eSachgem\u00e4\u00dfe Verarbeitung, P\u00fcnktlichkeit und Kosteneffizienz \u2013 denn wahre Qualit\u00e4t ist die Grundlage der Nachhaltigkeit.\u201c Erfahren Sie mehr \u00fcber unsere Bekleidungsfabrik. Wie wir Ihrer Marke beim Wachstum helfen. Wir sind ein Team von Textilexperten, die mit Leidenschaft individuelle T-Shirts, Schnittmusterersteller, Produktionsspezialisten und Qualit\u00e4tskontrolle zusammenbringen. Uns liegt am Herzen [\u2026]<\/p>","protected":false},"author":1,"featured_media":594,"parent":0,"menu_order":0,"comment_status":"closed","ping_status":"closed","template":"","meta":{"_acf_changed":false,"footnotes":""},"class_list":["post-13","page","type-page","status-publish","has-post-thumbnail","hentry"],"acf":[],"_links":{"self":[{"href":"https:\/\/eilatfashion.com\/de\/wp-json\/wp\/v2\/pages\/13","targetHints":{"allow":["GET"]}}],"collection":[{"href":"https:\/\/eilatfashion.com\/de\/wp-json\/wp\/v2\/pages"}],"about":[{"href":"https:\/\/eilatfashion.com\/de\/wp-json\/wp\/v2\/types\/page"}],"author":[{"embeddable":true,"href":"https:\/\/eilatfashion.com\/de\/wp-json\/wp\/v2\/users\/1"}],"replies":[{"embeddable":true,"href":"https:\/\/eilatfashion.com\/de\/wp-json\/wp\/v2\/comments?post=13"}],"version-history":[{"count":0,"href":"https:\/\/eilatfashion.com\/de\/wp-json\/wp\/v2\/pages\/13\/revisions"}],"wp:featuredmedia":[{"embeddable":true,"href":"https:\/\/eilatfashion.com\/de\/wp-json\/wp\/v2\/media\/594"}],"wp:attachment":[{"href":"https:\/\/eilatfashion.com\/de\/wp-json\/wp\/v2\/media?parent=13"}],"curies":[{"name":"wp","href":"https:\/\/api.w.org\/{rel}","templated":true}]}}