{"id":13,"date":"2025-08-20T07:59:00","date_gmt":"2025-08-20T07:59:00","guid":{"rendered":"https:\/\/eilatfashion.com\/?page_id=13"},"modified":"2025-09-25T03:02:18","modified_gmt":"2025-09-25T03:02:18","slug":"a-propos","status":"publish","type":"page","link":"https:\/\/eilatfashion.com\/fr\/a-propos\/","title":{"rendered":"\u00c0 propos de nous"},"content":{"rendered":"<div data-elementor-type=\"wp-page\" data-elementor-id=\"13\" class=\"elementor elementor-13\" data-elementor-post-type=\"page\">\n\t\t\t\t<div class=\"elementor-element elementor-element-dfbb49b e-flex e-con-boxed e-con e-parent\" data-id=\"dfbb49b\" data-element_type=\"container\">\n\t\t\t\t\t<div class=\"e-con-inner\">\n\t\t<div class=\"elementor-element elementor-element-51f4b415 e-con-full e-flex e-con e-child\" data-id=\"51f4b415\" data-element_type=\"container\">\n\t\t\t\t<div class=\"elementor-element elementor-element-63384e56 elementor-widget__width-initial elementor-widget elementor-widget-heading\" data-id=\"63384e56\" data-element_type=\"widget\" data-widget_type=\"heading.default\">\n\t\t\t\t\t<h1 class=\"elementor-heading-title elementor-size-default\">\u00c0 propos de l&#039;usine de T-shirts au niveau mondial<\/h1>\t\t\t\t<\/div>\n\t\t\t\t<\/div>\n\t\t<div class=\"elementor-element elementor-element-331393ca e-con-full e-flex e-con e-child\" data-id=\"331393ca\" data-element_type=\"container\">\n\t\t<div class=\"elementor-element elementor-element-3b363522 e-con-full e-flex e-con e-child\" data-id=\"3b363522\" data-element_type=\"container\">\n\t\t\t\t<div class=\"elementor-element elementor-element-54455b5e e-transform elementor-hidden-mobile elementor-widget elementor-widget-text-path\" data-id=\"54455b5e\" data-element_type=\"widget\" data-settings=\"{&quot;text&quot;:&quot;Clothing Factory \\u2014  Custom Tees \\u2014&quot;,&quot;align&quot;:&quot;center&quot;,&quot;_transform_scale_effect_hover&quot;:{&quot;unit&quot;:&quot;px&quot;,&quot;size&quot;:1.05,&quot;sizes&quot;:[]},&quot;link&quot;:{&quot;url&quot;:&quot;&quot;,&quot;is_external&quot;:&quot;&quot;,&quot;nofollow&quot;:&quot;&quot;,&quot;custom_attributes&quot;:&quot;&quot;},&quot;start_point&quot;:{&quot;unit&quot;:&quot;%&quot;,&quot;size&quot;:0,&quot;sizes&quot;:[]},&quot;_transform_scale_effect_hover_tablet&quot;:{&quot;unit&quot;:&quot;px&quot;,&quot;size&quot;:&quot;&quot;,&quot;sizes&quot;:[]},&quot;_transform_scale_effect_hover_mobile&quot;:{&quot;unit&quot;:&quot;px&quot;,&quot;size&quot;:&quot;&quot;,&quot;sizes&quot;:[]}}\" data-widget_type=\"text-path.default\">\n\t\t\t\t\t\t\t<div class=\"e-text-path\" data-text=\"Clothing Factory &mdash;  Custom Tees &mdash;\" data-url=\"\/\/eilatfashion.com\/wp-content\/plugins\/elementor\/assets\/svg-paths\/circle.svg\" data-link-url=\"\"><\/div>\n\t\t\t\t\t\t<\/div>\n\t\t\t\t<\/div>\n\t\t<div class=\"elementor-element elementor-element-4513a597 e-con-full e-flex e-con e-child\" data-id=\"4513a597\" data-element_type=\"container\">\n\t\t\t\t<div class=\"elementor-element elementor-element-13761f98 elementor-widget elementor-widget-text-editor\" data-id=\"13761f98\" data-element_type=\"widget\" data-widget_type=\"text-editor.default\">\n\t\t\t\t\t\t\t\t\t<p>Notre devise est \u00ab un travail soign\u00e9, la ponctualit\u00e9 et la rentabilit\u00e9, car la v\u00e9ritable qualit\u00e9 est le fondement de la durabilit\u00e9 \u00bb.<\/p>\t\t\t\t\t\t\t\t<\/div>\n\t\t\t\t<\/div>\n\t\t\t\t<\/div>\n\t\t\t\t\t<\/div>\n\t\t\t\t<\/div>\n\t\t<div class=\"elementor-element elementor-element-8709d0b e-flex e-con-boxed e-con e-parent\" data-id=\"8709d0b\" data-element_type=\"container\">\n\t\t\t\t\t<div class=\"e-con-inner\">\n\t\t\t\t<div class=\"elementor-element elementor-element-153e924 elementor-widget__width-initial elementor-widget elementor-widget-heading\" data-id=\"153e924\" data-element_type=\"widget\" data-widget_type=\"heading.default\">\n\t\t\t\t\t<h2 class=\"elementor-heading-title elementor-size-default\">D\u00e9couvrez notre usine de v\u00eatements<\/h2>\t\t\t\t<\/div>\n\t\t<div class=\"elementor-element elementor-element-918c5dd e-con-full e-flex e-con e-child\" data-id=\"918c5dd\" data-element_type=\"container\">\n\t\t<div class=\"elementor-element elementor-element-22c6286 e-con-full e-flex e-con e-child\" data-id=\"22c6286\" data-element_type=\"container\">\n\t\t\t\t<div class=\"elementor-element elementor-element-d794e4c elementor-widget elementor-widget-image\" data-id=\"d794e4c\" data-element_type=\"widget\" data-widget_type=\"image.default\">\n\t\t\t\t\t\t\t\t\t\t\t\t\t\t\t<img fetchpriority=\"high\" decoding=\"async\" width=\"800\" height=\"600\" src=\"https:\/\/eilatfashion.com\/wp-content\/uploads\/2025\/08\/image-2-1024x768.webp\" class=\"attachment-large size-large wp-image-59\" alt=\"Couture et confection \u2013 Des v\u00eatements de marque de haute qualit\u00e9\" srcset=\"https:\/\/eilatfashion.com\/wp-content\/uploads\/2025\/08\/image-2-1024x768.webp 1024w, https:\/\/eilatfashion.com\/wp-content\/uploads\/2025\/08\/image-2-300x225.webp 300w, https:\/\/eilatfashion.com\/wp-content\/uploads\/2025\/08\/image-2-768x576.webp 768w, https:\/\/eilatfashion.com\/wp-content\/uploads\/2025\/08\/image-2.webp 1280w\" sizes=\"(max-width: 800px) 100vw, 800px\" \/>\t\t\t\t\t\t\t\t\t\t\t\t\t\t\t<\/div>\n\t\t\t\t<\/div>\n\t\t<div class=\"elementor-element elementor-element-f884882 e-con-full e-flex e-con e-child\" data-id=\"f884882\" data-element_type=\"container\">\n\t\t\t\t<div class=\"elementor-element elementor-element-c36d6ae elementor-widget elementor-widget-heading\" data-id=\"c36d6ae\" data-element_type=\"widget\" data-widget_type=\"heading.default\">\n\t\t\t\t\t<h2 class=\"elementor-heading-title elementor-size-default\">Comment nous aidons votre marque \u00e0 se d\u00e9velopper<\/h2>\t\t\t\t<\/div>\n\t\t\t\t<div class=\"elementor-element elementor-element-18eb591 elementor-widget elementor-widget-text-editor\" data-id=\"18eb591\" data-element_type=\"widget\" data-widget_type=\"text-editor.default\">\n\t\t\t\t\t\t\t\t\t<p>Nous sommes une \u00e9quipe d&#039;experts textiles, passionn\u00e9s r\u00e9unissant <a href=\"https:\/\/eilatfashion.com\/our-services\/\">t-shirt personnalis\u00e9<\/a>Mod\u00e9listes, sp\u00e9cialistes de la production, contr\u00f4le qualit\u00e9. Nous veillons \u00e0 utiliser des mat\u00e9riaux de haute qualit\u00e9 r\u00e9pondant \u00e0 des besoins pratiques. Notre devise\u00a0: \u00ab\u00a0Ex\u00e9cution soign\u00e9e, ponctualit\u00e9 et rentabilit\u00e9\u00a0\u00bb.<\/p>\t\t\t\t\t\t\t\t<\/div>\n\t\t\t\t<div class=\"elementor-element elementor-element-c45f9c7 elementor-widget elementor-widget-text-editor\" data-id=\"c45f9c7\" data-element_type=\"widget\" data-widget_type=\"text-editor.default\">\n\t\t\t\t\t\t\t\t\t<p><a href=\"https:\/\/eilatfactory.com\/\" target=\"_blank\" rel=\"noopener\">Usine de confection en Tha\u00eflande<\/a> Nous offrons un service complet (OEM\/ODM). Notre \u00e9quipe d&#039;experts textiles regroupe les services de cr\u00e9ation, de mod\u00e9lisme, de production, de contr\u00f4le qualit\u00e9 et de logistique au m\u00eame endroit. Nous produisons, commercialisons, emballons et exp\u00e9dions nos produits en France et exportons dans le monde entier, pour que votre marque puisse d\u00e9marrer et se d\u00e9velopper en toute s\u00e9r\u00e9nit\u00e9.<\/p>\t\t\t\t\t\t\t\t<\/div>\n\t\t\t\t<\/div>\n\t\t\t\t<\/div>\n\t\t\t\t\t<\/div>\n\t\t\t\t<\/div>\n\t\t<div class=\"elementor-element elementor-element-c6be279 e-flex e-con-boxed e-con e-parent\" data-id=\"c6be279\" data-element_type=\"container\">\n\t\t\t\t\t<div class=\"e-con-inner\">\n\t\t<div class=\"elementor-element elementor-element-3f94ccf e-con-full e-flex e-con e-child\" data-id=\"3f94ccf\" data-element_type=\"container\">\n\t\t\t\t<div class=\"elementor-element elementor-element-b475454 elementor-widget__width-initial elementor-widget elementor-widget-counter\" data-id=\"b475454\" data-element_type=\"widget\" data-widget_type=\"counter.default\">\n\t\t\t\t\t\t\t<div class=\"elementor-counter\">\n\t\t\t<div class=\"elementor-counter-title\">exp\u00e9rience<\/div>\t\t\t<div class=\"elementor-counter-number-wrapper\">\n\t\t\t\t<span class=\"elementor-counter-number-prefix\"><\/span>\n\t\t\t\t<span class=\"elementor-counter-number\" data-duration=\"2000\" data-to-value=\"10\" data-from-value=\"0\" data-delimiter=\",\">0<\/span>\n\t\t\t\t<span class=\"elementor-counter-number-suffix\"><\/span>\n\t\t\t<\/div>\n\t\t<\/div>\n\t\t\t\t\t\t<\/div>\n\t\t\t\t<div class=\"elementor-element elementor-element-ea70db2 elementor-widget__width-initial elementor-widget elementor-widget-counter\" data-id=\"ea70db2\" data-element_type=\"widget\" data-widget_type=\"counter.default\">\n\t\t\t\t\t\t\t<div class=\"elementor-counter\">\n\t\t\t<div class=\"elementor-counter-title\">produits<\/div>\t\t\t<div class=\"elementor-counter-number-wrapper\">\n\t\t\t\t<span class=\"elementor-counter-number-prefix\"><\/span>\n\t\t\t\t<span class=\"elementor-counter-number\" data-duration=\"2000\" data-to-value=\"28716\" data-from-value=\"0\" data-delimiter=\",\">0<\/span>\n\t\t\t\t<span class=\"elementor-counter-number-suffix\"><\/span>\n\t\t\t<\/div>\n\t\t<\/div>\n\t\t\t\t\t\t<\/div>\n\t\t\t\t<div class=\"elementor-element elementor-element-ce367f4 elementor-widget__width-initial elementor-widget elementor-widget-counter\" data-id=\"ce367f4\" data-element_type=\"widget\" data-widget_type=\"counter.default\">\n\t\t\t\t\t\t\t<div class=\"elementor-counter\">\n\t\t\t<div class=\"elementor-counter-title\">client<\/div>\t\t\t<div class=\"elementor-counter-number-wrapper\">\n\t\t\t\t<span class=\"elementor-counter-number-prefix\"><\/span>\n\t\t\t\t<span class=\"elementor-counter-number\" data-duration=\"2000\" data-to-value=\"53\" data-from-value=\"0\" data-delimiter=\",\">0<\/span>\n\t\t\t\t<span class=\"elementor-counter-number-suffix\"><\/span>\n\t\t\t<\/div>\n\t\t<\/div>\n\t\t\t\t\t\t<\/div>\n\t\t\t\t<div class=\"elementor-element elementor-element-b83b50e elementor-widget__width-initial elementor-widget elementor-widget-counter\" data-id=\"b83b50e\" data-element_type=\"widget\" data-widget_type=\"counter.default\">\n\t\t\t\t\t\t\t<div class=\"elementor-counter\">\n\t\t\t<div class=\"elementor-counter-title\">Exp\u00e9dition<\/div>\t\t\t<div class=\"elementor-counter-number-wrapper\">\n\t\t\t\t<span class=\"elementor-counter-number-prefix\"><\/span>\n\t\t\t\t<span class=\"elementor-counter-number\" data-duration=\"2000\" data-to-value=\"14\" data-from-value=\"0\" data-delimiter=\",\">0<\/span>\n\t\t\t\t<span class=\"elementor-counter-number-suffix\"><\/span>\n\t\t\t<\/div>\n\t\t<\/div>\n\t\t\t\t\t\t<\/div>\n\t\t\t\t<\/div>\n\t\t<div class=\"elementor-element elementor-element-caad3c4 e-con-full e-flex e-con e-child\" data-id=\"caad3c4\" data-element_type=\"container\">\n\t\t\t\t<div class=\"elementor-element elementor-element-ec3e2de elementor-widget elementor-widget-text-editor\" data-id=\"ec3e2de\" data-element_type=\"widget\" data-widget_type=\"text-editor.default\">\n\t\t\t\t\t\t\t\t\t<p>Bureau : 02 476 4816<br \/>Priv\u00e9 : 081 513 1993<br \/>eilatthaipic@gmail.com<\/p><p><em>Emplacement officiel<\/em><br \/>852 854 Soi Thet Thai 33, sous-district de Dao Khanong, district de Thon Buri, Bangkok 10600<br \/>Du lundi au vendredi : de 9h \u00e0 18h<\/p><p><em>Boutique<\/em><br \/>696 Soi Thetthai 33, sous-district de Dao Khanong, district de Thonburi, Bangkok 10600<br \/>Du lundi au vendredi : de 9h \u00e0 18h<\/p>\t\t\t\t\t\t\t\t<\/div>\n\t\t\t\t<\/div>\n\t\t\t\t\t<\/div>\n\t\t\t\t<\/div>\n\t\t<div class=\"elementor-element elementor-element-b98c91d e-flex e-con-boxed e-con e-parent\" data-id=\"b98c91d\" data-element_type=\"container\">\n\t\t\t\t\t<div class=\"e-con-inner\">\n\t\t\t\t<div class=\"elementor-element elementor-element-3883e4d elementor-widget elementor-widget-google_maps\" data-id=\"3883e4d\" data-element_type=\"widget\" data-widget_type=\"google_maps.default\">\n\t\t\t\t\t\t\t<div class=\"elementor-custom-embed\">\n\t\t\t<iframe loading=\"lazy\"\n\t\t\t\t\tsrc=\"https:\/\/maps.google.com\/maps?q=Kwang%20Down%20ka%20nong%2C%20852%2C%20854%20%E0%B8%8B%E0%B8%AD%E0%B8%A2%20%E0%B9%80%E0%B8%97%E0%B8%AD%E0%B8%94%E0%B9%84%E0%B8%97%2033%20%E0%B9%80%E0%B8%82%E0%B8%95%E0%B8%98%E0%B8%99%E0%B8%9A%E0%B8%B8%E0%B8%A3%E0%B8%B5%20%E0%B8%81%E0%B8%A3%E0%B8%B8%E0%B8%87%E0%B9%80%E0%B8%97%E0%B8%9E%E0%B8%A1%E0%B8%AB%E0%B8%B2%E0%B8%99%E0%B8%84%E0%B8%A3%2010600&#038;t=m&#038;z=14&#038;output=embed&#038;iwloc=near\"\n\t\t\t\t\ttitle=\"Kwang Down ka nong, 852, 854 et 33 heures. 10600\"\n\t\t\t\t\taria-label=\"Kwang Down ka nong, 852, 854 et 33 heures. 10600\"\n\t\t\t><\/iframe>\n\t\t<\/div>\n\t\t\t\t\t\t<\/div>\n\t\t\t\t\t<\/div>\n\t\t\t\t<\/div>\n\t\t\t\t<\/div>","protected":false},"excerpt":{"rendered":"<p>\u00c0 propos de l&#039;usine de T-shirts \u00e0 l&#039;\u00e9chelle mondiale Notre devise est \u00ab un travail soign\u00e9, la ponctualit\u00e9 et la rentabilit\u00e9 \u2014 car la vraie qualit\u00e9 est le fondement de la durabilit\u00e9. \u00bb En savoir plus sur notre usine de v\u00eatements Comment nous aidons votre marque \u00e0 se d\u00e9velopper Nous sommes une \u00e9quipe d&#039;experts textiles, passionn\u00e9s r\u00e9unissant des t-shirts personnalis\u00e9s, des mod\u00e9listes, des sp\u00e9cialistes de la production, du contr\u00f4le qualit\u00e9, Nous nous soucions de [\u2026]<\/p>","protected":false},"author":1,"featured_media":594,"parent":0,"menu_order":0,"comment_status":"closed","ping_status":"closed","template":"","meta":{"_acf_changed":false,"footnotes":""},"class_list":["post-13","page","type-page","status-publish","has-post-thumbnail","hentry"],"acf":[],"_links":{"self":[{"href":"https:\/\/eilatfashion.com\/fr\/wp-json\/wp\/v2\/pages\/13","targetHints":{"allow":["GET"]}}],"collection":[{"href":"https:\/\/eilatfashion.com\/fr\/wp-json\/wp\/v2\/pages"}],"about":[{"href":"https:\/\/eilatfashion.com\/fr\/wp-json\/wp\/v2\/types\/page"}],"author":[{"embeddable":true,"href":"https:\/\/eilatfashion.com\/fr\/wp-json\/wp\/v2\/users\/1"}],"replies":[{"embeddable":true,"href":"https:\/\/eilatfashion.com\/fr\/wp-json\/wp\/v2\/comments?post=13"}],"version-history":[{"count":0,"href":"https:\/\/eilatfashion.com\/fr\/wp-json\/wp\/v2\/pages\/13\/revisions"}],"wp:featuredmedia":[{"embeddable":true,"href":"https:\/\/eilatfashion.com\/fr\/wp-json\/wp\/v2\/media\/594"}],"wp:attachment":[{"href":"https:\/\/eilatfashion.com\/fr\/wp-json\/wp\/v2\/media?parent=13"}],"curies":[{"name":"wp","href":"https:\/\/api.w.org\/{rel}","templated":true}]}}